{"id":1490,"date":"2025-01-07T16:56:18","date_gmt":"2025-01-07T15:56:18","guid":{"rendered":"https:\/\/miriamferrer.net\/cursos\/?page_id=1490"},"modified":"2025-01-07T17:13:32","modified_gmt":"2025-01-07T16:13:32","slug":"politica-de-cookies","status":"publish","type":"page","link":"https:\/\/miriamferrer.net\/cursos\/politica-de-cookies\/","title":{"rendered":"Pol\u00edtica de cookies"},"content":{"rendered":"\t\t<div data-elementor-type=\"masteriyo-course-archive-page\" data-elementor-id=\"1490\" class=\"elementor elementor-1490\">\n\t\t\t\t<div class=\"elementor-element elementor-element-4a1e3460 e-flex e-con-boxed e-con e-parent\" data-id=\"4a1e3460\" data-element_type=\"container\">\n\t\t\t\t\t<div class=\"e-con-inner\">\n\t\t\t\t<div class=\"elementor-element elementor-element-766cdf07 elementor-widget elementor-widget-text-editor\" data-id=\"766cdf07\" data-element_type=\"widget\" data-widget_type=\"text-editor.default\">\n\t\t\t\t<div class=\"elementor-widget-container\">\n\t\t\t\t\t\t\t\t\t<p><strong>1. \u00bfQu\u00e9 son las cookies?<\/strong><br \/>Una cookie es un peque\u00f1o archivo de texto que se almacena en tu dispositivo cuando visitas una p\u00e1gina web. Estas ayudan a la web a recordar informaci\u00f3n sobre tu visita, como el idioma preferido o las opciones seleccionadas, para mejorar tu experiencia como usuario.<\/p>\n<p>\u00a0<\/p>\n<p><strong>2. Tipos de cookies que utilizamos<\/strong><br \/>En esta p\u00e1gina web utilizamos los siguientes tipos de cookies:<\/p>\n<ul>\n<li><strong>Cookies t\u00e9cnicas:<\/strong> Son necesarias para el funcionamiento b\u00e1sico de la p\u00e1gina. Sin ellas, la web no podr\u00eda funcionar correctamente.<\/li>\n<li><strong>Cookies de personalizaci\u00f3n:<\/strong> Permiten adaptar la p\u00e1gina a tus preferencias, como el idioma o la configuraci\u00f3n regional.<\/li>\n<li><strong>Cookies anal\u00edticas:<\/strong> Nos ayudan a entender c\u00f3mo los usuarios interact\u00faan con la web, recopilando informaci\u00f3n de manera an\u00f3nima para mejorar nuestros servicios.<\/li>\n<\/ul>\n<p>\u00a0<\/p>\n<p><strong>3. Gesti\u00f3n de las cookies<\/strong><br \/>En cualquier momento puedes configurar tu navegador para aceptar, bloquear o eliminar las cookies:<\/p>\n<ul>\n<li>Google Chrome: <a href=\"https:\/\/support.google.com\/chrome\/answer\/95647?hl=es&amp;co=GENIE.Platform%3DDesktop\" target=\"_blank\" rel=\"noopener\">Enlace oficial<\/a><\/li>\n<li>Mozilla Firefox: <a href=\"https:\/\/support.mozilla.org\/es\/kb\/habilitar-y-deshabilitar-cookies-sitios-web-rastrear-preferencias\" target=\"_new\" rel=\"noopener\">Enlace oficial<\/a><\/li>\n<li>Microsoft Edge: <a href=\"https:\/\/support.microsoft.com\/es-es\/microsoft-edge\/eliminar-las-cookies-en-microsoft-edge-63947406-40ac-c3b8-57b9-2a946a29ae09\" target=\"_new\" rel=\"noopener\">Enlace oficial<\/a><\/li>\n<li>Safari: <a href=\"https:\/\/support.apple.com\/es-es\/guide\/safari\/sfri11471\/mac\" target=\"_new\" rel=\"noopener\">Enlace oficial<\/a><\/li>\n<\/ul>\n<p>\u00a0<\/p>\n<p><strong>4. Consentimiento<\/strong><br \/>Al acceder a esta p\u00e1gina web por primera vez, te informamos sobre el uso de cookies. Puedes aceptarlas, configurarlas o rechazarlas a trav\u00e9s de nuestro banner de configuraci\u00f3n.<\/p>\n<p>\u00a0<\/p>\n<p><strong>5. Actualizaciones de la pol\u00edtica de cookies<\/strong><br \/>Nos reservamos el derecho de modificar esta pol\u00edtica de cookies para adaptarla a cambios legislativos o t\u00e9cnicos. Cualquier cambio ser\u00e1 publicado en esta misma p\u00e1gina.<\/p>\t\t\t\t\t\t\t\t<\/div>\n\t\t\t\t<\/div>\n\t\t\t\t\t<\/div>\n\t\t\t\t<\/div>\n\t\t\t\t<\/div>\n\t\t","protected":false},"excerpt":{"rendered":"<p>1. \u00bfQu\u00e9 son las cookies?Una cookie es un peque\u00f1o archivo de texto que se almacena en tu dispositivo cuando visitas una p\u00e1gina web. Estas ayudan a la web a recordar informaci\u00f3n sobre tu visita, como el idioma preferido o las opciones seleccionadas, para mejorar tu experiencia como usuario. \u00a0 2. Tipos de cookies que utilizamosEn [&hellip;]<\/p>\n","protected":false},"author":2,"featured_media":0,"parent":0,"menu_order":0,"comment_status":"closed","ping_status":"closed","template":"elementor_header_footer","meta":{"footnotes":""},"class_list":["post-1490","page","type-page","status-publish","hentry"],"yoast_head":"<!-- This site is optimized with the Yoast SEO plugin v24.5 - https:\/\/yoast.com\/wordpress\/plugins\/seo\/ -->\n<title>Pol\u00edtica de cookies - Miriam Ferrer - Cursos de psicolog\u00eda online<\/title>\n<meta name=\"robots\" content=\"index, follow, max-snippet:-1, max-image-preview:large, max-video-preview:-1\" \/>\n<link rel=\"canonical\" href=\"https:\/\/miriamferrer.net\/cursos\/politica-de-cookies\/\" \/>\n<meta property=\"og:locale\" content=\"es_ES\" \/>\n<meta property=\"og:type\" content=\"article\" \/>\n<meta property=\"og:title\" content=\"Pol\u00edtica de cookies - Miriam Ferrer - Cursos de psicolog\u00eda online\" \/>\n<meta property=\"og:description\" content=\"1. \u00bfQu\u00e9 son las cookies?Una cookie es un peque\u00f1o archivo de texto que se almacena en tu dispositivo cuando visitas una p\u00e1gina web. Estas ayudan a la web a recordar informaci\u00f3n sobre tu visita, como el idioma preferido o las opciones seleccionadas, para mejorar tu experiencia como usuario. \u00a0 2. Tipos de cookies que utilizamosEn [&hellip;]\" \/>\n<meta property=\"og:url\" content=\"https:\/\/miriamferrer.net\/cursos\/politica-de-cookies\/\" \/>\n<meta property=\"og:site_name\" content=\"Miriam Ferrer - Cursos de psicolog\u00eda online\" \/>\n<meta property=\"article:publisher\" content=\"https:\/\/www.facebook.com\/profile.php?id=61554172539641\" \/>\n<meta property=\"article:modified_time\" content=\"2025-01-07T16:13:32+00:00\" \/>\n<meta name=\"twitter:card\" content=\"summary_large_image\" \/>\n<meta name=\"twitter:label1\" content=\"Tiempo de lectura\" \/>\n\t<meta name=\"twitter:data1\" content=\"1 minuto\" \/>\n<script type=\"application\/ld+json\" class=\"yoast-schema-graph\">{\"@context\":\"https:\/\/schema.org\",\"@graph\":[{\"@type\":\"WebPage\",\"@id\":\"https:\/\/miriamferrer.net\/cursos\/politica-de-cookies\/\",\"url\":\"https:\/\/miriamferrer.net\/cursos\/politica-de-cookies\/\",\"name\":\"Pol\u00edtica de cookies - Miriam Ferrer - Cursos de psicolog\u00eda online\",\"isPartOf\":{\"@id\":\"https:\/\/miriamferrer.net\/cursos\/#website\"},\"datePublished\":\"2025-01-07T15:56:18+00:00\",\"dateModified\":\"2025-01-07T16:13:32+00:00\",\"breadcrumb\":{\"@id\":\"https:\/\/miriamferrer.net\/cursos\/politica-de-cookies\/#breadcrumb\"},\"inLanguage\":\"es\",\"potentialAction\":[{\"@type\":\"ReadAction\",\"target\":[\"https:\/\/miriamferrer.net\/cursos\/politica-de-cookies\/\"]}]},{\"@type\":\"BreadcrumbList\",\"@id\":\"https:\/\/miriamferrer.net\/cursos\/politica-de-cookies\/#breadcrumb\",\"itemListElement\":[{\"@type\":\"ListItem\",\"position\":1,\"name\":\"Portada\",\"item\":\"https:\/\/miriamferrer.net\/cursos\/\"},{\"@type\":\"ListItem\",\"position\":2,\"name\":\"Pol\u00edtica de cookies\"}]},{\"@type\":\"WebSite\",\"@id\":\"https:\/\/miriamferrer.net\/cursos\/#website\",\"url\":\"https:\/\/miriamferrer.net\/cursos\/\",\"name\":\"Miriam Ferrer - Cursos de psicolog\u00eda\",\"description\":\"Mejora tu Autoestima y Bienestar\",\"publisher\":{\"@id\":\"https:\/\/miriamferrer.net\/cursos\/#organization\"},\"potentialAction\":[{\"@type\":\"SearchAction\",\"target\":{\"@type\":\"EntryPoint\",\"urlTemplate\":\"https:\/\/miriamferrer.net\/cursos\/?s={search_term_string}\"},\"query-input\":{\"@type\":\"PropertyValueSpecification\",\"valueRequired\":true,\"valueName\":\"search_term_string\"}}],\"inLanguage\":\"es\"},{\"@type\":\"Organization\",\"@id\":\"https:\/\/miriamferrer.net\/cursos\/#organization\",\"name\":\"Miriam Ferrer - Cursos de psicolog\u00eda\",\"url\":\"https:\/\/miriamferrer.net\/cursos\/\",\"logo\":{\"@type\":\"ImageObject\",\"inLanguage\":\"es\",\"@id\":\"https:\/\/miriamferrer.net\/cursos\/#\/schema\/logo\/image\/\",\"url\":\"https:\/\/miriamferrer.net\/cursos\/wp-content\/uploads\/2024\/12\/miriam-ferrer-mf-psicologa-black.png\",\"contentUrl\":\"https:\/\/miriamferrer.net\/cursos\/wp-content\/uploads\/2024\/12\/miriam-ferrer-mf-psicologa-black.png\",\"width\":450,\"height\":280,\"caption\":\"Miriam Ferrer - Cursos de psicolog\u00eda\"},\"image\":{\"@id\":\"https:\/\/miriamferrer.net\/cursos\/#\/schema\/logo\/image\/\"},\"sameAs\":[\"https:\/\/www.facebook.com\/profile.php?id=61554172539641\",\"https:\/\/www.instagram.com\/miriamferrerpsicologa\/\",\"https:\/\/www.linkedin.com\/in\/miriam-ferrer-garcia-576a1b29b?trk=feed_main-feed-card_feed-actor-name\",\"https:\/\/www.tiktok.com\/@miriamferrer?_t=8kL945TMot6&_r=1\"]}]}<\/script>\n<!-- \/ Yoast SEO plugin. -->","yoast_head_json":{"title":"Pol\u00edtica de cookies - Miriam Ferrer - Cursos de psicolog\u00eda online","robots":{"index":"index","follow":"follow","max-snippet":"max-snippet:-1","max-image-preview":"max-image-preview:large","max-video-preview":"max-video-preview:-1"},"canonical":"https:\/\/miriamferrer.net\/cursos\/politica-de-cookies\/","og_locale":"es_ES","og_type":"article","og_title":"Pol\u00edtica de cookies - Miriam Ferrer - Cursos de psicolog\u00eda online","og_description":"1. \u00bfQu\u00e9 son las cookies?Una cookie es un peque\u00f1o archivo de texto que se almacena en tu dispositivo cuando visitas una p\u00e1gina web. Estas ayudan a la web a recordar informaci\u00f3n sobre tu visita, como el idioma preferido o las opciones seleccionadas, para mejorar tu experiencia como usuario. \u00a0 2. Tipos de cookies que utilizamosEn [&hellip;]","og_url":"https:\/\/miriamferrer.net\/cursos\/politica-de-cookies\/","og_site_name":"Miriam Ferrer - Cursos de psicolog\u00eda online","article_publisher":"https:\/\/www.facebook.com\/profile.php?id=61554172539641","article_modified_time":"2025-01-07T16:13:32+00:00","twitter_card":"summary_large_image","twitter_misc":{"Tiempo de lectura":"1 minuto"},"schema":{"@context":"https:\/\/schema.org","@graph":[{"@type":"WebPage","@id":"https:\/\/miriamferrer.net\/cursos\/politica-de-cookies\/","url":"https:\/\/miriamferrer.net\/cursos\/politica-de-cookies\/","name":"Pol\u00edtica de cookies - Miriam Ferrer - Cursos de psicolog\u00eda online","isPartOf":{"@id":"https:\/\/miriamferrer.net\/cursos\/#website"},"datePublished":"2025-01-07T15:56:18+00:00","dateModified":"2025-01-07T16:13:32+00:00","breadcrumb":{"@id":"https:\/\/miriamferrer.net\/cursos\/politica-de-cookies\/#breadcrumb"},"inLanguage":"es","potentialAction":[{"@type":"ReadAction","target":["https:\/\/miriamferrer.net\/cursos\/politica-de-cookies\/"]}]},{"@type":"BreadcrumbList","@id":"https:\/\/miriamferrer.net\/cursos\/politica-de-cookies\/#breadcrumb","itemListElement":[{"@type":"ListItem","position":1,"name":"Portada","item":"https:\/\/miriamferrer.net\/cursos\/"},{"@type":"ListItem","position":2,"name":"Pol\u00edtica de cookies"}]},{"@type":"WebSite","@id":"https:\/\/miriamferrer.net\/cursos\/#website","url":"https:\/\/miriamferrer.net\/cursos\/","name":"Miriam Ferrer - Cursos de psicolog\u00eda","description":"Mejora tu Autoestima y Bienestar","publisher":{"@id":"https:\/\/miriamferrer.net\/cursos\/#organization"},"potentialAction":[{"@type":"SearchAction","target":{"@type":"EntryPoint","urlTemplate":"https:\/\/miriamferrer.net\/cursos\/?s={search_term_string}"},"query-input":{"@type":"PropertyValueSpecification","valueRequired":true,"valueName":"search_term_string"}}],"inLanguage":"es"},{"@type":"Organization","@id":"https:\/\/miriamferrer.net\/cursos\/#organization","name":"Miriam Ferrer - Cursos de psicolog\u00eda","url":"https:\/\/miriamferrer.net\/cursos\/","logo":{"@type":"ImageObject","inLanguage":"es","@id":"https:\/\/miriamferrer.net\/cursos\/#\/schema\/logo\/image\/","url":"https:\/\/miriamferrer.net\/cursos\/wp-content\/uploads\/2024\/12\/miriam-ferrer-mf-psicologa-black.png","contentUrl":"https:\/\/miriamferrer.net\/cursos\/wp-content\/uploads\/2024\/12\/miriam-ferrer-mf-psicologa-black.png","width":450,"height":280,"caption":"Miriam Ferrer - Cursos de psicolog\u00eda"},"image":{"@id":"https:\/\/miriamferrer.net\/cursos\/#\/schema\/logo\/image\/"},"sameAs":["https:\/\/www.facebook.com\/profile.php?id=61554172539641","https:\/\/www.instagram.com\/miriamferrerpsicologa\/","https:\/\/www.linkedin.com\/in\/miriam-ferrer-garcia-576a1b29b?trk=feed_main-feed-card_feed-actor-name","https:\/\/www.tiktok.com\/@miriamferrer?_t=8kL945TMot6&_r=1"]}]}},"_links":{"self":[{"href":"https:\/\/miriamferrer.net\/cursos\/wp-json\/wp\/v2\/pages\/1490","targetHints":{"allow":["GET"]}}],"collection":[{"href":"https:\/\/miriamferrer.net\/cursos\/wp-json\/wp\/v2\/pages"}],"about":[{"href":"https:\/\/miriamferrer.net\/cursos\/wp-json\/wp\/v2\/types\/page"}],"author":[{"embeddable":true,"href":"https:\/\/miriamferrer.net\/cursos\/wp-json\/wp\/v2\/users\/2"}],"replies":[{"embeddable":true,"href":"https:\/\/miriamferrer.net\/cursos\/wp-json\/wp\/v2\/comments?post=1490"}],"version-history":[{"count":21,"href":"https:\/\/miriamferrer.net\/cursos\/wp-json\/wp\/v2\/pages\/1490\/revisions"}],"predecessor-version":[{"id":1512,"href":"https:\/\/miriamferrer.net\/cursos\/wp-json\/wp\/v2\/pages\/1490\/revisions\/1512"}],"wp:attachment":[{"href":"https:\/\/miriamferrer.net\/cursos\/wp-json\/wp\/v2\/media?parent=1490"}],"curies":[{"name":"wp","href":"https:\/\/api.w.org\/{rel}","templated":true}]}}